{"id":2903,"date":"2026-04-19T14:59:09","date_gmt":"2026-04-19T11:59:09","guid":{"rendered":"https:\/\/neurotech.ee\/kasutustingimused\/"},"modified":"2026-04-22T21:29:53","modified_gmt":"2026-04-22T18:29:53","slug":"terms-of-use","status":"publish","type":"page","link":"https:\/\/neurotech.ee\/et\/terms-of-use\/","title":{"rendered":"Kasutustingimused"},"content":{"rendered":"<div class=\"wpb-content-wrapper\"><p>[vc_row gap=&#8221;25&#8243; woodmart_stretch_content=&#8221;section-stretch&#8221; css=&#8221;.vc_custom_1776605797070{padding-top: 50px !important;padding-bottom: 50px !important;background-color: #FCF9FF !important;}&#8221; woodmart_css_id=&#8221;69e4da5684188&#8243; responsive_spacing=&#8221;eyJwYXJhbV90eXBlIjoid29vZG1hcnRfcmVzcG9uc2l2ZV9zcGFjaW5nIiwic2VsZWN0b3JfaWQiOiI2OWU0ZGE1Njg0MTg4Iiwic2hvcnRjb2RlIjoidmNfcm93IiwiZGF0YSI6eyJ0YWJsZXQiOnt9LCJtb2JpbGUiOnsibWFyZ2luLWJvdHRvbSI6Ii01MHB4IiwicGFkZGluZy1ib3R0b20iOiIwcHgifX19&#8243; mobile_bg_img_hidden=&#8221;no&#8221; tablet_bg_img_hidden=&#8221;no&#8221; woodmart_parallax=&#8221;0&#8243; woodmart_gradient_switch=&#8221;no&#8221; woodmart_box_shadow=&#8221;no&#8221; wd_z_index=&#8221;no&#8221; woodmart_disable_overflow=&#8221;0&#8243; row_reverse_mobile=&#8221;0&#8243; row_reverse_tablet=&#8221;0&#8243;][vc_column woodmart_css_id=&#8221;69d67a72b8f13&#8243; parallax_scroll=&#8221;no&#8221; woodmart_sticky_column=&#8221;false&#8221; wd_collapsible_content_switcher=&#8221;no&#8221; wd_column_role_offcanvas_desktop=&#8221;no&#8221; wd_column_role_offcanvas_tablet=&#8221;no&#8221; wd_column_role_offcanvas_mobile=&#8221;no&#8221; wd_column_role_content_desktop=&#8221;no&#8221; wd_column_role_content_tablet=&#8221;no&#8221; wd_column_role_content_mobile=&#8221;no&#8221; mobile_bg_img_hidden=&#8221;no&#8221; tablet_bg_img_hidden=&#8221;no&#8221; woodmart_parallax=&#8221;0&#8243; woodmart_box_shadow=&#8221;no&#8221; responsive_spacing=&#8221;eyJwYXJhbV90eXBlIjoid29vZG1hcnRfcmVzcG9uc2l2ZV9zcGFjaW5nIiwic2VsZWN0b3JfaWQiOiI2OWQ2N2E3MmI4ZjEzIiwic2hvcnRjb2RlIjoidmNfY29sdW1uIiwiZGF0YSI6eyJ0YWJsZXQiOnt9LCJtb2JpbGUiOnt9fX0=&#8221; mobile_reset_margin=&#8221;no&#8221; tablet_reset_margin=&#8221;no&#8221; wd_z_index=&#8221;no&#8221; css=&#8221;.vc_custom_1775663720320{padding-top: 0px !important;padding-right: 0px !important;padding-bottom: 0px !important;padding-left: 0px !important;}&#8221;]\n\t\t<div id=\"wd-69e91396ca808\" class=\"title-wrapper wd-wpb wd-set-mb reset-last-child  wd-rs-69e91396ca808 wd-title-color-default wd-title-style-default text-left  wd-underline-colored\">\n\t\t\t\n\t\t\t<div class=\"liner-continer\">\n\t\t\t\t<h4 class=\"woodmart-title-container title  wd-font-weight- wd-fontsize-l\" >Kasutustingimused<\/h4>\n\t\t\t\t\t\t\t<\/div>\n\t\t\t\n\t\t\t\n\t\t\t\n\t\t<\/div>\n\t\t\n\t\t[vc_empty_space height=&#8221;22px&#8221; woodmart_hide_large=&#8221;0&#8243; woodmart_hide_medium=&#8221;0&#8243; woodmart_hide_small=&#8221;0&#8243;]\t\t<div id=\"wd-69e4c34c35aa6\" class=\"wd-text-block wd-wpb reset-last-child wd-rs-69e4c34c35aa6 text-left wd-fontsize-l \">\n\t\t\t<p><b>Last updated:<\/b><span style=\"font-weight: 400;\"> Aprill 2026<\/span><\/p>\n<p><span style=\"font-weight: 400;\">Veebisaidile<\/span><a href=\"https:\/\/neurotech.ee\/et\/\"> <b>https:\/\/neurotech.ee\/<\/b><\/a><span style=\"font-weight: 400;\"> (edaspidi \u201eVeebisait\u201c) juurdep\u00e4\u00e4su saades ja seda kasutades n\u00f5ustute k\u00e4esolevate kasutustingimustega. Kui te nende tingimustega ei n\u00f5ustu, palun \u00e4rge kasutage Veebisaiti.<\/span><\/p>\n<h3><\/h3>\n<p>&nbsp;<\/p>\n<h3><b>1. \u00dchingust<\/b><\/h3>\n<p><span style=\"font-weight: 400;\">Veebisaiti haldab mittetulundus\u00fching <\/span><b>NeuroTech AI<\/b><span style=\"font-weight: 400;\"> (edaspidi \u201e\u00dching\u201c, \u201emeie\u201c).<\/span><\/p>\n<p><b>E-post:<\/b><span style=\"font-weight: 400;\"> <a href=\"mailto:info@neurotech.ee\">info@neurotech.ee<\/a><\/span><\/p>\n<h3><\/h3>\n<p>&nbsp;<\/p>\n<h3><b>2. Veebisaidi eesm\u00e4rk<\/b><\/h3>\n<p><span style=\"font-weight: 400;\">Veebisait on m\u00f5eldud <\/span><b>informatiivsetel ja mitte\u00e4rilistel eesm\u00e4rkidel<\/b><span style=\"font-weight: 400;\">, sealhulgas \u00dchingu tegevuste, projektide ja algatuste tutvustamiseks.<\/span><\/p>\n<p><span style=\"font-weight: 400;\">Veebisaidil avaldatud sisu <\/span><b>ei<\/b><span style=\"font-weight: 400;\"> kujuta endast meditsiinilist, juriidilist ega muud professionaalset n\u00f5u.<\/span><\/p>\n<h3><\/h3>\n<p>&nbsp;<\/p>\n<h3><b>3. Veebisaidi kasutamine<\/b><\/h3>\n<p><span style=\"font-weight: 400;\">N\u00f5ustute kasutama Veebisaiti seaduslikult ja heas usus.<\/span><br \/>\n<span style=\"font-weight: 400;\">Te ei tohi:<\/span><\/p>\n<ul>\n<li style=\"font-weight: 400;\" aria-level=\"1\"><span style=\"font-weight: 400;\">Kasutada Veebisaiti ebaseaduslikel eesm\u00e4rkidel<\/span><\/li>\n<li style=\"font-weight: 400;\" aria-level=\"1\"><span style=\"font-weight: 400;\">P\u00fc\u00fcda h\u00e4irida v\u00f5i kahjustada Veebisaiti v\u00f5i selle turvalisust<\/span><\/li>\n<li style=\"font-weight: 400;\" aria-level=\"1\"><span style=\"font-weight: 400;\">Laadida \u00fcles v\u00f5i edastada pahavara, r\u00e4mpsposti v\u00f5i muud kahjulikku sisu<\/span><\/li>\n<li style=\"font-weight: 400;\" aria-level=\"1\"><span style=\"font-weight: 400;\">Kuritarvitada kontaktivorme v\u00f5i suhtluskanaleid<\/span><\/li>\n<\/ul>\n<p>&nbsp;<\/p>\n<h3><\/h3>\n<p>&nbsp;<\/p>\n<h3><b>4. Intellektuaalne omand<\/b><\/h3>\n<p><span style=\"font-weight: 400;\">Kui ei ole m\u00e4rgitud teisiti, kuulub kogu Veebisaidil olev sisu (tekstid, pildid, logod ja muud materjalid) <\/span><b>NeuroTech AI<\/b><span style=\"font-weight: 400;\">-le v\u00f5i kasutatakse seda loa alusel.<\/span><\/p>\n<p><span style=\"font-weight: 400;\">Teil on lubatud sisu vaadata, alla laadida ja jagada <\/span><b>ainult isiklikul ja mitte\u00e4rilisel eesm\u00e4rgil<\/b><span style=\"font-weight: 400;\">, tingimusel et viitate allikale ega muuda sisu.<\/span><\/p>\n<h3><\/h3>\n<p>&nbsp;<\/p>\n<h3><b>5. V\u00e4lislingid<\/b><\/h3>\n<p><span style=\"font-weight: 400;\">Veebisait v\u00f5ib sisaldada linke kolmandate osapoolte veebisaitidele.<\/span><br \/>\n<span style=\"font-weight: 400;\">Me ei vastuta nende veebisaitide sisu, privaatsusp\u00f5him\u00f5tete ega k\u00e4ttesaadavuse eest.<\/span><\/p>\n<h3><\/h3>\n<p>&nbsp;<\/p>\n<h3><b>6. Vastutuse v\u00e4listamine<\/b><\/h3>\n<p><span style=\"font-weight: 400;\">Veebisait ja selle sisu esitatakse <\/span><b>\u201enagu on\u201c<\/b><span style=\"font-weight: 400;\"> ja <\/span><b>\u201evastavalt k\u00e4ttesaadavusele\u201c<\/b><span style=\"font-weight: 400;\">.<\/span><\/p>\n<p><span style=\"font-weight: 400;\">Teeme m\u00f5istlikke j\u00f5upingutusi, et hoida teave t\u00e4pne ja ajakohane, kuid ei garanteeri, et kogu sisu on t\u00e4ielik, t\u00e4pne v\u00f5i ajakohane.<\/span><\/p>\n<p><span style=\"font-weight: 400;\">\u00dching ei vastuta otseste ega kaudsete kahjude eest, mis tulenevad Veebisaidi kasutamisest v\u00f5i kasutamise v\u00f5imatusest.<\/span><\/p>\n<h3><\/h3>\n<p>&nbsp;<\/p>\n<h3><b>7. Privaatsus<\/b><\/h3>\n<p><span style=\"font-weight: 400;\">Veebisaidi kasutamist reguleerib ka meie <\/span><b>privaatsuspoliitika<\/b><span style=\"font-weight: 400;\">, mis selgitab isikuandmete t\u00f6\u00f6tlemist.<\/span><\/p>\n<h3><\/h3>\n<p>&nbsp;<\/p>\n<h3><b>8. Tingimuste muutmine<\/b><\/h3>\n<p><span style=\"font-weight: 400;\">J\u00e4tame endale \u00f5iguse k\u00e4esolevaid kasutustingimusi igal ajal ajakohastada v\u00f5i muuta.<\/span><br \/>\n<span style=\"font-weight: 400;\">Muudatused j\u00f5ustuvad p\u00e4rast nende avaldamist k\u00e4esoleval lehel.<\/span><\/p>\n<h3><\/h3>\n<p>&nbsp;<\/p>\n<h3><b>9. Kohaldatav \u00f5igus<\/b><\/h3>\n<p><span style=\"font-weight: 400;\">K\u00e4esolevaid kasutustingimusi reguleeritakse ja t\u00f5lgendatakse vastavalt <\/span><b>Eesti Vabariigi seadustele<\/b><span style=\"font-weight: 400;\">.<\/span><\/p>\n<h3><\/h3>\n<p>&nbsp;<\/p>\n<h3><b>10. Kontakt<\/b><\/h3>\n<p><span style=\"font-weight: 400;\">Kui teil on k\u00fcsimusi nende kasutustingimuste kohta, v\u00f5tke meiega \u00fchendust:<\/span><\/p>\n<p><span style=\"font-weight: 400;\">\ud83d\udce7 <\/span><b>info@neurotech.ee<\/b><\/p>\n\t\t<\/div>\n\t\t[vc_empty_space height=&#8221;42px&#8221; woodmart_hide_large=&#8221;0&#8243; woodmart_hide_medium=&#8221;0&#8243; woodmart_hide_small=&#8221;0&#8243;][\/vc_column][\/vc_row]<\/p>\n<\/div>","protected":false},"excerpt":{"rendered":"<p>[vc_row gap=&#8221;25&#8243; woodmart_stretch_content=&#8221;section-stretch&#8221; css=&#8221;.vc_custom_1776605797070{padding-top: 50px !important;padding-bottom: 50px !important;background-color: #FCF9FF !important;}&#8221; woodmart_css_id=&#8221;69e4da5684188&#8243; responsive_spacing=&#8221;eyJwYXJhbV90eXBlIjoid29vZG1hcnRfcmVzcG9uc2l2ZV9zcGFjaW5nIiwic2VsZWN0b3JfaWQiOiI2OWU0ZGE1Njg0MTg4Iiwic2hvcnRjb2RlIjoidmNfcm93IiwiZGF0YSI6eyJ0YWJsZXQiOnt9LCJtb2JpbGUiOnsibWFyZ2luLWJvdHRvbSI6Ii01MHB4IiwicGFkZGluZy1ib3R0b20iOiIwcHgifX19&#8243; mobile_bg_img_hidden=&#8221;no&#8221; tablet_bg_img_hidden=&#8221;no&#8221; woodmart_parallax=&#8221;0&#8243; woodmart_gradient_switch=&#8221;no&#8221; woodmart_box_shadow=&#8221;no&#8221; wd_z_index=&#8221;no&#8221; woodmart_disable_overflow=&#8221;0&#8243; row_reverse_mobile=&#8221;0&#8243;<\/p>\n","protected":false},"author":1,"featured_media":0,"parent":0,"menu_order":0,"comment_status":"closed","ping_status":"open","template":"","meta":{"footnotes":""},"class_list":["post-2903","page","type-page","status-publish","hentry"],"_links":{"self":[{"href":"https:\/\/neurotech.ee\/et\/wp-json\/wp\/v2\/pages\/2903","targetHints":{"allow":["GET"]}}],"collection":[{"href":"https:\/\/neurotech.ee\/et\/wp-json\/wp\/v2\/pages"}],"about":[{"href":"https:\/\/neurotech.ee\/et\/wp-json\/wp\/v2\/types\/page"}],"author":[{"embeddable":true,"href":"https:\/\/neurotech.ee\/et\/wp-json\/wp\/v2\/users\/1"}],"replies":[{"embeddable":true,"href":"https:\/\/neurotech.ee\/et\/wp-json\/wp\/v2\/comments?post=2903"}],"version-history":[{"count":4,"href":"https:\/\/neurotech.ee\/et\/wp-json\/wp\/v2\/pages\/2903\/revisions"}],"predecessor-version":[{"id":3073,"href":"https:\/\/neurotech.ee\/et\/wp-json\/wp\/v2\/pages\/2903\/revisions\/3073"}],"wp:attachment":[{"href":"https:\/\/neurotech.ee\/et\/wp-json\/wp\/v2\/media?parent=2903"}],"curies":[{"name":"wp","href":"https:\/\/api.w.org\/{rel}","templated":true}]}}