{"id":2886,"date":"2026-04-17T19:30:05","date_gmt":"2026-04-17T16:30:05","guid":{"rendered":"https:\/\/neurotech.ee\/%d0%bf%d0%be%d0%bb%d0%b8%d1%82%d0%b8%d0%ba%d0%b0-%d0%ba%d0%be%d0%bd%d1%84%d0%b8%d0%b4%d0%b5%d0%bd%d1%86%d0%b8%d0%b0%d0%bb%d1%8c%d0%bd%d0%be%d1%81%d1%82%d0%b8\/"},"modified":"2026-04-22T21:27:36","modified_gmt":"2026-04-22T18:27:36","slug":"privacy-policy","status":"publish","type":"page","link":"https:\/\/neurotech.ee\/et\/privacy-policy\/","title":{"rendered":"Privaatsuspoliitika"},"content":{"rendered":"<div class=\"wpb-content-wrapper\"><p>[vc_row gap=&#8221;25&#8243; woodmart_stretch_content=&#8221;section-stretch&#8221; css=&#8221;.vc_custom_1776605828015{padding-top: 50px !important;padding-bottom: 50px !important;background-color: #FCF9FF !important;}&#8221; woodmart_css_id=&#8221;69e4da78204b4&#8243; responsive_spacing=&#8221;eyJwYXJhbV90eXBlIjoid29vZG1hcnRfcmVzcG9uc2l2ZV9zcGFjaW5nIiwic2VsZWN0b3JfaWQiOiI2OWU0ZGE3ODIwNGI0Iiwic2hvcnRjb2RlIjoidmNfcm93IiwiZGF0YSI6eyJ0YWJsZXQiOnt9LCJtb2JpbGUiOnsibWFyZ2luLWJvdHRvbSI6Ii01MHB4IiwicGFkZGluZy1ib3R0b20iOiIwcHgifX19&#8243; mobile_bg_img_hidden=&#8221;no&#8221; tablet_bg_img_hidden=&#8221;no&#8221; woodmart_parallax=&#8221;0&#8243; woodmart_gradient_switch=&#8221;no&#8221; woodmart_box_shadow=&#8221;no&#8221; wd_z_index=&#8221;no&#8221; woodmart_disable_overflow=&#8221;0&#8243; row_reverse_mobile=&#8221;0&#8243; row_reverse_tablet=&#8221;0&#8243;][vc_column woodmart_css_id=&#8221;69d67a72b8f13&#8243; parallax_scroll=&#8221;no&#8221; woodmart_sticky_column=&#8221;false&#8221; wd_collapsible_content_switcher=&#8221;no&#8221; wd_column_role_offcanvas_desktop=&#8221;no&#8221; wd_column_role_offcanvas_tablet=&#8221;no&#8221; wd_column_role_offcanvas_mobile=&#8221;no&#8221; wd_column_role_content_desktop=&#8221;no&#8221; wd_column_role_content_tablet=&#8221;no&#8221; wd_column_role_content_mobile=&#8221;no&#8221; mobile_bg_img_hidden=&#8221;no&#8221; tablet_bg_img_hidden=&#8221;no&#8221; woodmart_parallax=&#8221;0&#8243; woodmart_box_shadow=&#8221;no&#8221; responsive_spacing=&#8221;eyJwYXJhbV90eXBlIjoid29vZG1hcnRfcmVzcG9uc2l2ZV9zcGFjaW5nIiwic2VsZWN0b3JfaWQiOiI2OWQ2N2E3MmI4ZjEzIiwic2hvcnRjb2RlIjoidmNfY29sdW1uIiwiZGF0YSI6eyJ0YWJsZXQiOnt9LCJtb2JpbGUiOnt9fX0=&#8221; mobile_reset_margin=&#8221;no&#8221; tablet_reset_margin=&#8221;no&#8221; wd_z_index=&#8221;no&#8221; css=&#8221;.vc_custom_1775663720320{padding-top: 0px !important;padding-right: 0px !important;padding-bottom: 0px !important;padding-left: 0px !important;}&#8221;]\n\t\t<div id=\"wd-69e9130dc7cff\" class=\"title-wrapper wd-wpb wd-set-mb reset-last-child  wd-rs-69e9130dc7cff wd-title-color-default wd-title-style-default text-left  wd-underline-colored\">\n\t\t\t\n\t\t\t<div class=\"liner-continer\">\n\t\t\t\t<h4 class=\"woodmart-title-container title  wd-font-weight- wd-fontsize-l\" >Privaatsuspoliitika<\/h4>\n\t\t\t\t\t\t\t<\/div>\n\t\t\t\n\t\t\t\n\t\t\t\n\t\t<\/div>\n\t\t\n\t\t[vc_empty_space height=&#8221;22px&#8221; woodmart_hide_large=&#8221;0&#8243; woodmart_hide_medium=&#8221;0&#8243; woodmart_hide_small=&#8221;0&#8243;]\t\t<div id=\"wd-69e4bc860c5aa\" class=\"wd-text-block wd-wpb reset-last-child wd-rs-69e4bc860c5aa text-left wd-fontsize-l \">\n\t\t\t<p><b>Last updated:<\/b><span style=\"font-weight: 400;\"> Aprill 2026<\/span><\/p>\n<p>K\u00e4esolev privaatsuspoliitika selgitab, kuidas <b> NeuroTech AI<\/b><span style=\"font-weight: 400;\"> (\u201eAssotsiatsioon\u201c, \u201emeie\u201c) t\u00f6\u00f6tleb isikuandmeid vastavalt <\/span><b>isikuandmete kaitse \u00fcldm\u00e4\u00e4rusele (EL) 2016\/679 (GDPR)<\/b><span style=\"font-weight: 400;\">.<\/span><\/p>\n<p><span style=\"font-weight: 400;\">Veebisait:<\/span><a href=\"https:\/\/neurotech.ee\/et\/\"> <span style=\"font-weight: 400;\">https:\/\/neurotech.ee<\/span><span style=\"font-weight: 400;\"><br \/>\n<\/span><\/a><span style=\"font-weight: 400;\">E-post: <a href=\"mailto:info@neurotech.ee\">info@neurotech.ee<\/a><\/span><\/p>\n<h3><\/h3>\n<p>&nbsp;<\/p>\n<h3><b>1. Vastutav t\u00f6\u00f6tleja<\/b><\/h3>\n<p><span style=\"font-weight: 400;\">Isikuandmete t\u00f6\u00f6tlemise eest vastutav t\u00f6\u00f6tleja on:<\/span><\/p>\n<p><b> NeuroTech AI<\/b><b><br \/>\n<\/b><span style=\"font-weight: 400;\">E-post: <a href=\"mailto:info@neurotech.ee\">info@neurotech.ee<\/a><\/span><\/p>\n<h3><\/h3>\n<p>&nbsp;<\/p>\n<h3><b>2. Milliseid isikuandmeid me t\u00f6\u00f6tleme<\/b><\/h3>\n<p><span style=\"font-weight: 400;\">Me t\u00f6\u00f6tleme ainult piiratud hulgal isikuandmeid, sealhulgas:<\/span><\/p>\n<ul>\n<li style=\"font-weight: 400;\" aria-level=\"1\"><span style=\"font-weight: 400;\">Nimi ja e-posti aadress, mille olete vabatahtlikult esitanud kontaktivormi v\u00f5i e-posti teel<\/span><\/li>\n<li style=\"font-weight: 400;\" aria-level=\"1\"><span style=\"font-weight: 400;\">Tehnilised andmed, nagu IP-aadress, brauseri t\u00fc\u00fcp ja seadme info<\/span><\/li>\n<li style=\"font-weight: 400;\" aria-level=\"1\"><span style=\"font-weight: 400;\">Anon\u00fc\u00fcmsed veebisaidi kasutusandmed (kui anal\u00fc\u00fctika t\u00f6\u00f6riistad on lubatud)<\/span><\/li>\n<\/ul>\n<p><span style=\"font-weight: 400;\">Me <\/span><b>ei<\/b><span style=\"font-weight: 400;\"> t\u00f6\u00f6tle teadlikult isikuandmete eriliike, nagu on m\u00e4\u00e4ratletud GDPR artiklis 9.<\/span><\/p>\n<h3><\/h3>\n<p>&nbsp;<\/p>\n<h3><b>3. T\u00f6\u00f6tlemise \u00f5iguslik alus<\/b><\/h3>\n<p><span style=\"font-weight: 400;\">T\u00f6\u00f6tleme isikuandmeid j\u00e4rgmistel \u00f5iguslikel alustel (GDPR artikkel 6):<\/span><\/p>\n<ul>\n<li style=\"list-style-type: none;\">\n<ul>\n<li style=\"font-weight: 400;\" aria-level=\"1\"><b>N\u00f5usolek<\/b><span style=\"font-weight: 400;\"> \u2014 kui esitate andmeid vabatahtlikult vormide v\u00f5i e-posti kaudu<\/span><\/li>\n<\/ul>\n<\/li>\n<\/ul>\n<p>&nbsp;<\/p>\n<ul>\n<li style=\"list-style-type: none;\">\n<ul>\n<li style=\"font-weight: 400;\" aria-level=\"1\"><b>\u00d5igustatud huvi<\/b><span style=\"font-weight: 400;\"> \u2014 veebisaidi toimimise, turvalisuse ja parendamise eesm\u00e4rgil<\/span><\/li>\n<\/ul>\n<\/li>\n<\/ul>\n<p>&nbsp;<\/p>\n<ul>\n<li style=\"list-style-type: none;\">\n<ul>\n<li style=\"font-weight: 400;\" aria-level=\"1\"><b>\u00d5iguslik kohustus<\/b><span style=\"font-weight: 400;\"> \u2014 kui seda n\u00f5uab kehtiv seadusandlus<\/span><\/li>\n<\/ul>\n<\/li>\n<\/ul>\n<p>&nbsp;<\/p>\n<p>&nbsp;<\/p>\n<h3><\/h3>\n<p>&nbsp;<\/p>\n<h3><b>4. T\u00f6\u00f6tlemise eesm\u00e4rgid<\/b><\/h3>\n<p><span style=\"font-weight: 400;\">Isikuandmeid t\u00f6\u00f6deldakse j\u00e4rgmistel eesm\u00e4rkidel:<\/span><\/p>\n<ul>\n<li style=\"font-weight: 400;\" aria-level=\"1\"><span style=\"font-weight: 400;\">P\u00e4ringutele ja suhtlusele vastamine<\/span><\/li>\n<li style=\"font-weight: 400;\" aria-level=\"1\"><span style=\"font-weight: 400;\">Teabe edastamine Assotsiatsiooni tegevuste kohta<\/span><\/li>\n<li style=\"font-weight: 400;\" aria-level=\"1\"><span style=\"font-weight: 400;\">Veebisaidi toimimise ja turvalisuse tagamine<\/span><\/li>\n<li style=\"font-weight: 400;\" aria-level=\"1\"><span style=\"font-weight: 400;\">Kasutajakogemuse ja veebisaidi toimivuse parandamine<\/span><\/li>\n<li style=\"font-weight: 400;\" aria-level=\"1\"><span style=\"font-weight: 400;\">\u00d5iguslike kohustuste t\u00e4itmine<\/span><\/li>\n<\/ul>\n<p>&nbsp;<\/p>\n<h3><\/h3>\n<p>&nbsp;<\/p>\n<h3><b>5. K\u00fcpsised<\/b><\/h3>\n<p><span style=\"font-weight: 400;\">Veebisait v\u00f5ib kasutada k\u00fcpsiseid, mis on vajalikud p\u00f5hifunktsioonide toimimiseks ning (kui lubatud) anon\u00fc\u00fcmseks anal\u00fc\u00fctikaks.<\/span><\/p>\n<p><span style=\"font-weight: 400;\">Saate k\u00fcpsiseid igal ajal hallata v\u00f5i kustutada oma brauseri seadetes. K\u00fcpsiste keelamine v\u00f5ib m\u00f5jutada veebisaidi toimimist.<\/span><\/p>\n<h3><\/h3>\n<p>&nbsp;<\/p>\n<h3><b>6. Andmete saajad ja edastamine<\/b><\/h3>\n<p><span style=\"font-weight: 400;\">Me ei m\u00fc\u00fc ega jaga isikuandmeid kolmandate osapooltega.<\/span><\/p>\n<p><span style=\"font-weight: 400;\">Isikuandmeid v\u00f5ivad t\u00f6\u00f6delda usaldusv\u00e4\u00e4rsed teenusepakkujad (nt majutus- v\u00f5i anal\u00fc\u00fctikateenused), kes tegutsevad <\/span><b>volitatud t\u00f6\u00f6tlejatena<\/b><span style=\"font-weight: 400;\">, ainult ulatuses, mis on vajalik veebisaidi toimimiseks, ning vastavate andmekaitselepingute alusel.<\/span><\/p>\n<p><span style=\"font-weight: 400;\">Me ei edasta teadlikult isikuandmeid v\u00e4ljapoole Euroopa Majanduspiirkonda (EMP). Kui selline edastamine toimub, rakendatakse GDPR-i kohaseid asjakohaseid kaitsemeetmeid.<\/span><\/p>\n<h3><\/h3>\n<p>&nbsp;<\/p>\n<h3><b>7. Andmete s\u00e4ilitamine<\/b><\/h3>\n<p><span style=\"font-weight: 400;\">Isikuandmeid s\u00e4ilitatakse ainult nii kaua, kui see on vajalik k\u00e4esolevas privaatsuspoliitikas kirjeldatud eesm\u00e4rkide t\u00e4itmiseks v\u00f5i seadusest tulenevalt.<\/span><\/p>\n<h3><\/h3>\n<p>&nbsp;<\/p>\n<h3><b>8. Andmete turvalisus<\/b><\/h3>\n<p><span style=\"font-weight: 400;\">Rakendame asjakohaseid tehnilisi ja korralduslikke meetmeid, et kaitsta isikuandmeid loata juurdep\u00e4\u00e4su, kaotsimineku, muutmise v\u00f5i avalikustamise eest.<\/span><\/p>\n<h3><\/h3>\n<p>&nbsp;<\/p>\n<h3><b>9. Teie \u00f5igused GDPR-i alusel<\/b><\/h3>\n<p><span style=\"font-weight: 400;\">Teil on GDPR-i alusel j\u00e4rgmised \u00f5igused:<\/span><\/p>\n<ul>\n<li style=\"font-weight: 400;\" aria-level=\"1\"><span style=\"font-weight: 400;\">\u00d5igus saada juurdep\u00e4\u00e4s oma isikuandmetele<\/span><\/li>\n<li style=\"font-weight: 400;\" aria-level=\"1\"><span style=\"font-weight: 400;\">\u00d5igus n\u00f5uda ebat\u00e4psete andmete parandamist<\/span><\/li>\n<li style=\"font-weight: 400;\" aria-level=\"1\"><span style=\"font-weight: 400;\">\u00d5igus andmete kustutamisele (\u201e\u00f5igus olla unustatud\u201c)<\/span><\/li>\n<li style=\"font-weight: 400;\" aria-level=\"1\"><span style=\"font-weight: 400;\">\u00d5igus t\u00f6\u00f6tlemise piiramisele<\/span><\/li>\n<li style=\"font-weight: 400;\" aria-level=\"1\"><span style=\"font-weight: 400;\">\u00d5igus andmete \u00fclekantavusele<\/span><\/li>\n<li style=\"font-weight: 400;\" aria-level=\"1\"><span style=\"font-weight: 400;\">\u00d5igus esitada vastuv\u00e4iteid t\u00f6\u00f6tlemisele<\/span><\/li>\n<li style=\"font-weight: 400;\" aria-level=\"1\"><span style=\"font-weight: 400;\">\u00d5igus n\u00f5usolek igal ajal tagasi v\u00f5tta<\/span><\/li>\n<\/ul>\n<p><span style=\"font-weight: 400;\">Oma \u00f5iguste kasutamiseks v\u00f5tke meiega \u00fchendust aadressil <\/span><b>info@neurotech.ee<\/b><span style=\"font-weight: 400;\">.<\/span><\/p>\n<p><span style=\"font-weight: 400;\">Teil on samuti \u00f5igus esitada kaebus <\/span><b>Andmekaitse Inspektsioonile<\/b><span style=\"font-weight: 400;\">.<\/span><\/p>\n<h3><\/h3>\n<p>&nbsp;<\/p>\n<h3><b>10. Muudatused privaatsuspoliitikas<\/b><\/h3>\n<p><span style=\"font-weight: 400;\">V\u00f5ime vajadusel k\u00e4esolevat privaatsuspoliitikat ajakohastada. Viimane versioon on alati sellel lehel k\u00e4ttesaadav.<\/span><\/p>\n<h3><\/h3>\n<p>&nbsp;<\/p>\n<h3><b>11. Kontaktandmed<\/b><\/h3>\n<p><span style=\"font-weight: 400;\">Kui teil on k\u00fcsimusi seoses k\u00e4esoleva privaatsuspoliitika v\u00f5i isikuandmete t\u00f6\u00f6tlemisega, v\u00f5tke meiega \u00fchendust:<\/span><\/p>\n<p><span style=\"font-weight: 400;\">\ud83d\udce7 <\/span><b>info@neurotech.ee<\/b><\/p>\n\t\t<\/div>\n\t\t[vc_empty_space height=&#8221;42px&#8221; woodmart_hide_large=&#8221;0&#8243; woodmart_hide_medium=&#8221;0&#8243; woodmart_hide_small=&#8221;0&#8243;][\/vc_column][\/vc_row]<\/p>\n<\/div>","protected":false},"excerpt":{"rendered":"<p>[vc_row gap=&#8221;25&#8243; woodmart_stretch_content=&#8221;section-stretch&#8221; css=&#8221;.vc_custom_1776605828015{padding-top: 50px !important;padding-bottom: 50px !important;background-color: #FCF9FF !important;}&#8221; woodmart_css_id=&#8221;69e4da78204b4&#8243; responsive_spacing=&#8221;eyJwYXJhbV90eXBlIjoid29vZG1hcnRfcmVzcG9uc2l2ZV9zcGFjaW5nIiwic2VsZWN0b3JfaWQiOiI2OWU0ZGE3ODIwNGI0Iiwic2hvcnRjb2RlIjoidmNfcm93IiwiZGF0YSI6eyJ0YWJsZXQiOnt9LCJtb2JpbGUiOnsibWFyZ2luLWJvdHRvbSI6Ii01MHB4IiwicGFkZGluZy1ib3R0b20iOiIwcHgifX19&#8243; mobile_bg_img_hidden=&#8221;no&#8221; tablet_bg_img_hidden=&#8221;no&#8221; woodmart_parallax=&#8221;0&#8243; woodmart_gradient_switch=&#8221;no&#8221; woodmart_box_shadow=&#8221;no&#8221; wd_z_index=&#8221;no&#8221; woodmart_disable_overflow=&#8221;0&#8243; row_reverse_mobile=&#8221;0&#8243;<\/p>\n","protected":false},"author":1,"featured_media":0,"parent":0,"menu_order":0,"comment_status":"closed","ping_status":"open","template":"","meta":{"footnotes":""},"class_list":["post-2886","page","type-page","status-publish","hentry"],"_links":{"self":[{"href":"https:\/\/neurotech.ee\/et\/wp-json\/wp\/v2\/pages\/2886","targetHints":{"allow":["GET"]}}],"collection":[{"href":"https:\/\/neurotech.ee\/et\/wp-json\/wp\/v2\/pages"}],"about":[{"href":"https:\/\/neurotech.ee\/et\/wp-json\/wp\/v2\/types\/page"}],"author":[{"embeddable":true,"href":"https:\/\/neurotech.ee\/et\/wp-json\/wp\/v2\/users\/1"}],"replies":[{"embeddable":true,"href":"https:\/\/neurotech.ee\/et\/wp-json\/wp\/v2\/comments?post=2886"}],"version-history":[{"count":7,"href":"https:\/\/neurotech.ee\/et\/wp-json\/wp\/v2\/pages\/2886\/revisions"}],"predecessor-version":[{"id":3069,"href":"https:\/\/neurotech.ee\/et\/wp-json\/wp\/v2\/pages\/2886\/revisions\/3069"}],"wp:attachment":[{"href":"https:\/\/neurotech.ee\/et\/wp-json\/wp\/v2\/media?parent=2886"}],"curies":[{"name":"wp","href":"https:\/\/api.w.org\/{rel}","templated":true}]}}